{"id":167,"date":"2024-12-05T16:14:28","date_gmt":"2024-12-05T19:14:28","guid":{"rendered":"https:\/\/repositorio.ippdh.mercosur.int\/dialogo\/?page_id=167"},"modified":"2025-09-22T16:40:25","modified_gmt":"2025-09-22T19:40:25","slug":"comunidad","status":"publish","type":"page","link":"https:\/\/dialogos.ippdh.mercosur.int\/pt\/comunidad\/","title":{"rendered":"Comunidade"},"content":{"rendered":"<div id=\"af-wrapper\"><div id=\"forum-header\"><div id=\"forum-navigation-mobile\"><a><span class=\"fas fa-bars\"><\/span>Menu<\/a><\/div><span class=\"screen-reader-text\">Navega\u00e7\u00e3o no f\u00f3rum<\/span><div id=\"forum-navigation\"><a class=\"home-link\" href=\"https:\/\/dialogos.ippdh.mercosur.int\/pt\/consultas-no\" target=\"_self\">F\u00f3rum<\/a><a class=\"members-link\" href=\"https:\/\/dialogos.ippdh.mercosur.int\/pt\/consultas-no\/members\/\" target=\"_self\">Membros<\/a><a class=\"activity-link\" href=\"https:\/\/dialogos.ippdh.mercosur.int\/pt\/consultas-no\/activity\/\" target=\"_self\">Atividade<\/a><\/div><div id=\"forum-search\"><span class=\"search-icon fas fa-search\"><\/span><form method=\"get\" action=\"https:\/\/dialogos.ippdh.mercosur.int\/pt\/consultas-no\/search\/\" data-trp-original-action=\"https:\/\/dialogos.ippdh.mercosur.int\/pt\/consultas-no\/search\/\"><input name=\"keywords\" type=\"search\" placeholder=\"Buscar ...\" value=\"\"><input type=\"hidden\" name=\"trp-form-language\" value=\"pt\"\/><\/form><\/div><div class=\"clear\"><\/div><\/div><h1 class=\"main-title main-title-\">Participa en el foro<\/h1><div class=\"title-element\" id=\"forum-category-12\">\ud83d\udc65Te damos la bienvenida a la comunidad!<span class=\"last-post-headline\">\u00daltima postagem:<\/span><\/div><div class=\"content-container\"><div class=\"content-element forum\" id=\"forum-1\"><div class=\"forum-status unread\"><i class=\"fas fa-comments\"><\/i><\/div><div class=\"forum-name\"><a class=\"forum-title\" href=\"https:\/\/dialogos.ippdh.mercosur.int\/pt\/consultas-no\/forum\/primer-foro\/\">Con\u00f3cenos y pres\u00e9ntate<\/a><small class=\"forum-description\">Mi primer foro.<\/small><small class=\"forum-stats\">2 T\u00f3picos&nbsp;&middot;&nbsp;2 Posts<\/small><small class=\"forum-lastpost-small\">\u00daltimo post:&nbsp;<a href=\"https:\/\/dialogos.ippdh.mercosur.int\/pt\/consultas-no\/topic\/mesa-de-ayuda\/#postid-15\">Mesa de Ayuda<\/a>&nbsp;&middot;&nbsp;<a href=\"https:\/\/dialogos.ippdh.mercosur.int\/pt\/consultas-no\/topic\/mesa-de-ayuda\/#postid-15\">1 ano atr\u00e1s<\/a>&nbsp;&middot;&nbsp;<a class=\"profile-link highlight-admin\" href=\"https:\/\/dialogos.ippdh.mercosur.int\/pt\/consultas-no\/profile\/dmartinsippdh-mercosur-int\/\">Daniel<\/a><\/small><\/div><div class=\"forum-poster\"><div class=\"forum-poster-avatar\"><img alt='' src='https:\/\/secure.gravatar.com\/avatar\/ca08fa901e477d5e296b7e87c8d1aff74ec952df0c17bc931ca5e14dd34cbb92?s=40&#038;d=mm&#038;r=g' srcset='https:\/\/secure.gravatar.com\/avatar\/ca08fa901e477d5e296b7e87c8d1aff74ec952df0c17bc931ca5e14dd34cbb92?s=80&#038;d=mm&#038;r=g 2x' class='avatar avatar-40 photo' height='40' width='40' \/><\/div><div class=\"forum-poster-summary\"><a href=\"https:\/\/dialogos.ippdh.mercosur.int\/pt\/consultas-no\/topic\/mesa-de-ayuda\/#postid-15\">Mesa de Ayuda<\/a><br><small><a href=\"https:\/\/dialogos.ippdh.mercosur.int\/pt\/consultas-no\/topic\/mesa-de-ayuda\/#postid-15\">1 ano atr\u00e1s<\/a><span>&nbsp;&middot;&nbsp;<\/span><a class=\"profile-link highlight-admin\" href=\"https:\/\/dialogos.ippdh.mercosur.int\/pt\/consultas-no\/profile\/dmartinsippdh-mercosur-int\/\">Daniel<\/a><\/small><\/div><\/div><\/div><div class=\"content-element forum\" id=\"forum-4\"><div class=\"forum-status unread\"><i class=\"fas fa-comments\"><\/i><\/div><div class=\"forum-name\"><a class=\"forum-title\" href=\"https:\/\/dialogos.ippdh.mercosur.int\/pt\/consultas-no\/forum\/reglas-de-la-comunidad\/\">Reglas de la comunidad<\/a><small class=\"forum-stats\">1 T\u00f3pico&nbsp;&middot;&nbsp;  1 Post \n\n <\/small><small class=\"forum-lastpost-small\">\u00daltimo post:&nbsp;<a href=\"https:\/\/dialogos.ippdh.mercosur.int\/pt\/consultas-no\/topic\/reglas-de-convivencia-para-la-plataforma-de-dialogo-social-del-mercosur\/#postid-18\">Reglas de Convivencia para la Plat &#8230;<\/a>&nbsp;&middot;&nbsp;<a href=\"https:\/\/dialogos.ippdh.mercosur.int\/pt\/consultas-no\/topic\/reglas-de-convivencia-para-la-plataforma-de-dialogo-social-del-mercosur\/#postid-18\">1 ano atr\u00e1s<\/a>&nbsp;&middot;&nbsp;<a class=\"profile-link highlight-admin\" href=\"https:\/\/dialogos.ippdh.mercosur.int\/pt\/consultas-no\/profile\/dmartinsippdh-mercosur-int\/\">Daniel<\/a><\/small><\/div><div class=\"forum-poster\"><div class=\"forum-poster-avatar\"><img alt='' src='https:\/\/secure.gravatar.com\/avatar\/ca08fa901e477d5e296b7e87c8d1aff74ec952df0c17bc931ca5e14dd34cbb92?s=40&#038;d=mm&#038;r=g' srcset='https:\/\/secure.gravatar.com\/avatar\/ca08fa901e477d5e296b7e87c8d1aff74ec952df0c17bc931ca5e14dd34cbb92?s=80&#038;d=mm&#038;r=g 2x' class='avatar avatar-40 photo' height='40' width='40' \/><\/div><div class=\"forum-poster-summary\"><a href=\"https:\/\/dialogos.ippdh.mercosur.int\/pt\/consultas-no\/topic\/reglas-de-convivencia-para-la-plataforma-de-dialogo-social-del-mercosur\/#postid-18\">Reglas de Convivencia par &#8230;<\/a><br><small><a href=\"https:\/\/dialogos.ippdh.mercosur.int\/pt\/consultas-no\/topic\/reglas-de-convivencia-para-la-plataforma-de-dialogo-social-del-mercosur\/#postid-18\">1 ano atr\u00e1s<\/a><span>&nbsp;&middot;&nbsp;<\/span><a class=\"profile-link highlight-admin\" href=\"https:\/\/dialogos.ippdh.mercosur.int\/pt\/consultas-no\/profile\/dmartinsippdh-mercosur-int\/\">Daniel<\/a><\/small><\/div><\/div><\/div><\/div><div class=\"title-element\" id=\"forum-category-329\">Declaraci\u00f3n de las Organizaciones de la Sociedad Civil y Movimientos Sociales de Am\u00e9rica Latina y el Caribe para el Desarrollo Sostenible - 2025<span class=\"last-post-headline\">\u00daltima postagem:<\/span><\/div><div class=\"content-container\"><div class=\"content-element forum\" id=\"forum-16\"><div class=\"forum-status unread\"><i class=\"fas fa-comments\"><\/i><\/div><div class=\"forum-name\"><a class=\"forum-title\" href=\"https:\/\/dialogos.ippdh.mercosur.int\/pt\/consultas-no\/forum\/declaracion-de-las-organizaciones-de-la-sociedad-civil-y-movimientos-sociales-de-america-latina-y-el-caribe-para-el-desarrollo-sostenible-2025\/\">Declaraci\u00f3n de las Organizaciones de la Sociedad Civil y Movimientos Sociales de Am\u00e9rica Latina y el Caribe para el Desarrollo Sostenible - 2025<\/a><small class=\"forum-description\">Suma los aportes de tu organizaci\u00f3n a la Declaraci\u00f3n de las Organizaciones de la Sociedad Civil y Movimientos Sociales de Am\u00e9rica Latina y el Caribe para el Desarrollo Sostenible - 2025<\/small><small class=\"forum-stats\">1 T\u00f3pico&nbsp;&middot;&nbsp;  1 Post \n\n <\/small><small class=\"forum-lastpost-small\">\u00daltimo post:&nbsp;<a href=\"https:\/\/dialogos.ippdh.mercosur.int\/pt\/consultas-no\/topic\/participa-y-contribuye-en-la-declaracion-brasil-sera-la-sede-de-la-vi-conferencia-regional-sobre-desarrollo-social-para-america-latina-y-el-caribe-crds-donde-se-aprobara-la-propuesta-de-la-declarac\/#postid-19\">Participa y contribuye en la Decla &#8230;<\/a>&nbsp;&middot;&nbsp;<a href=\"https:\/\/dialogos.ippdh.mercosur.int\/pt\/consultas-no\/topic\/participa-y-contribuye-en-la-declaracion-brasil-sera-la-sede-de-la-vi-conferencia-regional-sobre-desarrollo-social-para-america-latina-y-el-caribe-crds-donde-se-aprobara-la-propuesta-de-la-declarac\/#postid-19\">9 meses atr\u00e1s<\/a>&nbsp;&middot;&nbsp;<a class=\"profile-link highlight-admin\" href=\"https:\/\/dialogos.ippdh.mercosur.int\/pt\/consultas-no\/profile\/mcalippdh-mercosur-int\/\">Micaela Cal Garc\u00eda<\/a><\/small><\/div><div class=\"forum-poster\"><div class=\"forum-poster-avatar\"><img alt='' src='https:\/\/secure.gravatar.com\/avatar\/763836140ccf127d064aee504e54ed513f8fde785ab00a62467eec9fa5765ff8?s=40&#038;d=mm&#038;r=g' srcset='https:\/\/secure.gravatar.com\/avatar\/763836140ccf127d064aee504e54ed513f8fde785ab00a62467eec9fa5765ff8?s=80&#038;d=mm&#038;r=g 2x' class='avatar avatar-40 photo' height='40' width='40' \/><\/div><div class=\"forum-poster-summary\"><a href=\"https:\/\/dialogos.ippdh.mercosur.int\/pt\/consultas-no\/topic\/participa-y-contribuye-en-la-declaracion-brasil-sera-la-sede-de-la-vi-conferencia-regional-sobre-desarrollo-social-para-america-latina-y-el-caribe-crds-donde-se-aprobara-la-propuesta-de-la-declarac\/#postid-19\">Participa y contribuye en &#8230;<\/a><br><small><a href=\"https:\/\/dialogos.ippdh.mercosur.int\/pt\/consultas-no\/topic\/participa-y-contribuye-en-la-declaracion-brasil-sera-la-sede-de-la-vi-conferencia-regional-sobre-desarrollo-social-para-america-latina-y-el-caribe-crds-donde-se-aprobara-la-propuesta-de-la-declarac\/#postid-19\">9 meses atr\u00e1s<\/a><span>&nbsp;&middot;&nbsp;<\/span><a class=\"profile-link highlight-admin\" href=\"https:\/\/dialogos.ippdh.mercosur.int\/pt\/consultas-no\/profile\/mcalippdh-mercosur-int\/\">Micaela Cal Garc\u00eda<\/a><\/small><\/div><\/div><\/div><\/div><div class=\"title-element\" id=\"forum-category-331\">Propuestas de la sociedad civil para la Plenaria de la XLVI RAADH - 2026<span class=\"last-post-headline\">\u00daltima postagem:<\/span><\/div><div class=\"content-container\"><div class=\"content-element forum\" id=\"forum-18\"><div class=\"forum-status unread\"><i class=\"fas fa-comments\"><\/i><\/div><div class=\"forum-name\"><a class=\"forum-title\" href=\"https:\/\/dialogos.ippdh.mercosur.int\/pt\/consultas-no\/forum\/propuestas-de-la-sociedad-civil-para-la-plenaria-de-la-xlvi-raadh-2026\/\">Propuestas de la sociedad civil para la Plenaria de la XLVI RAADH - 2026<\/a><small class=\"forum-description\">Propuestas de la sociedad civil para la Plenaria de la XLVI RAADH - 2026<\/small><small class=\"forum-stats\">1 T\u00f3pico&nbsp;&middot;&nbsp;2 Posts<\/small><small class=\"forum-lastpost-small\">\u00daltimo post:&nbsp;<a href=\"https:\/\/dialogos.ippdh.mercosur.int\/pt\/consultas-no\/topic\/hacia-la-xlvi-reunion-de-altas-autoridades-sobre-derechos-humanos-del-mercosur-raadh\/#postid-26\">Hacia la XLVI Reuni\u00f3n de Altas Aut &#8230;<\/a>&nbsp;&middot;&nbsp;<a href=\"https:\/\/dialogos.ippdh.mercosur.int\/pt\/consultas-no\/topic\/hacia-la-xlvi-reunion-de-altas-autoridades-sobre-derechos-humanos-del-mercosur-raadh\/#postid-26\">4 dias atr\u00e1s<\/a>&nbsp;&middot;&nbsp;<a class=\"profile-link highlight-default\" href=\"https:\/\/dialogos.ippdh.mercosur.int\/pt\/consultas-no\/profile\/fundacion-figsa\/\">FUNDACION FIGSA<\/a><\/small><\/div><div class=\"forum-poster\"><div class=\"forum-poster-avatar\"><img alt='' src='https:\/\/secure.gravatar.com\/avatar\/a6e89f7ea7f7711be53439d06cbd7969fc9e73e036a2ec413b421f7bd61f8bb8?s=40&#038;d=mm&#038;r=g' srcset='https:\/\/secure.gravatar.com\/avatar\/a6e89f7ea7f7711be53439d06cbd7969fc9e73e036a2ec413b421f7bd61f8bb8?s=80&#038;d=mm&#038;r=g 2x' class='avatar avatar-40 photo' height='40' width='40' \/><\/div><div class=\"forum-poster-summary\"><a href=\"https:\/\/dialogos.ippdh.mercosur.int\/pt\/consultas-no\/topic\/hacia-la-xlvi-reunion-de-altas-autoridades-sobre-derechos-humanos-del-mercosur-raadh\/#postid-26\">Hacia la XLVI Reuni\u00f3n de  &#8230;<\/a><br><small><a href=\"https:\/\/dialogos.ippdh.mercosur.int\/pt\/consultas-no\/topic\/hacia-la-xlvi-reunion-de-altas-autoridades-sobre-derechos-humanos-del-mercosur-raadh\/#postid-26\">4 dias atr\u00e1s<\/a><span>&nbsp;&middot;&nbsp;<\/span><a class=\"profile-link highlight-default\" href=\"https:\/\/dialogos.ippdh.mercosur.int\/pt\/consultas-no\/profile\/fundacion-figsa\/\">FUNDACION FIGSA<\/a><\/small><\/div><\/div><\/div><\/div><div class=\"title-element\" id=\"forum-category-13\">\ud83d\udca1Tem\u00e1ticas de derechos humanos<span class=\"last-post-headline\">\u00daltima postagem:<\/span><\/div><div class=\"content-container\"><div class=\"content-element forum\" id=\"forum-5\"><div class=\"forum-status unread\"><i class=\"fas fa-comments\"><\/i><\/div><div class=\"forum-name\"><a class=\"forum-title\" href=\"https:\/\/dialogos.ippdh.mercosur.int\/pt\/consultas-no\/forum\/memoria-verdad-y-justicia\/\">Memoria, Verdad y Justicia<\/a><small class=\"forum-stats\">1 T\u00f3pico&nbsp;&middot;&nbsp;  1 Post \n\n <\/small><small class=\"forum-lastpost-small\">\u00daltimo post:&nbsp;<a href=\"https:\/\/dialogos.ippdh.mercosur.int\/pt\/consultas-no\/topic\/socializacion\/#postid-22\">Socializaci\u00f3n<\/a>&nbsp;&middot;&nbsp;<a href=\"https:\/\/dialogos.ippdh.mercosur.int\/pt\/consultas-no\/topic\/socializacion\/#postid-22\">9 meses atr\u00e1s<\/a>&nbsp;&middot;&nbsp;<a class=\"profile-link highlight-default\" href=\"https:\/\/dialogos.ippdh.mercosur.int\/pt\/consultas-no\/profile\/diana-fabiola-marquez-montelongo\/\">Diana Fabiola Marquez Montelongo<\/a><\/small><\/div><div class=\"forum-poster\"><div class=\"forum-poster-avatar\"><img alt='' src='https:\/\/secure.gravatar.com\/avatar\/896864e4dfc4443d8af0d54b4ddf35a8169a45f331ca9634f86a47e37f56cfad?s=40&#038;d=mm&#038;r=g' srcset='https:\/\/secure.gravatar.com\/avatar\/896864e4dfc4443d8af0d54b4ddf35a8169a45f331ca9634f86a47e37f56cfad?s=80&#038;d=mm&#038;r=g 2x' class='avatar avatar-40 photo' height='40' width='40' \/><\/div><div class=\"forum-poster-summary\"><a href=\"https:\/\/dialogos.ippdh.mercosur.int\/pt\/consultas-no\/topic\/socializacion\/#postid-22\">Socializaci\u00f3n<\/a><br><small><a href=\"https:\/\/dialogos.ippdh.mercosur.int\/pt\/consultas-no\/topic\/socializacion\/#postid-22\">9 meses atr\u00e1s<\/a><span>&nbsp;&middot;&nbsp;<\/span><a class=\"profile-link highlight-default\" href=\"https:\/\/dialogos.ippdh.mercosur.int\/pt\/consultas-no\/profile\/diana-fabiola-marquez-montelongo\/\">Diana Fabiola Marquez Montelongo<\/a><\/small><\/div><\/div><\/div><div class=\"content-element forum\" id=\"forum-8\"><div class=\"forum-status read\"><i class=\"fas fa-comments\"><\/i><\/div><div class=\"forum-name\"><a class=\"forum-title\" href=\"https:\/\/dialogos.ippdh.mercosur.int\/pt\/consultas-no\/forum\/discriminacion-racismo-y-xenofobia\/\">Discriminaci\u00f3n, Racismo y Xenofobia<\/a><small class=\"forum-stats\">0 T\u00f3pico&nbsp;&middot;&nbsp;  0 Post \n\n <\/small><small class=\"forum-lastpost-small\"><small class=\"no-topics\">Sem t\u00f3picos ainda!<\/small><\/small><\/div><div class=\"forum-poster\"><small class=\"no-topics\">Sem t\u00f3picos ainda!<\/small><\/div><\/div><div class=\"content-element forum\" id=\"forum-9\"><div class=\"forum-status read\"><i class=\"fas fa-comments\"><\/i><\/div><div class=\"forum-name\"><a class=\"forum-title\" href=\"https:\/\/dialogos.ippdh.mercosur.int\/pt\/consultas-no\/forum\/personas-con-discapacidad\/\">Personas con Discapacidad<\/a><small class=\"forum-stats\">0 T\u00f3pico&nbsp;&middot;&nbsp;  0 Post \n\n <\/small><small class=\"forum-lastpost-small\"><small class=\"no-topics\">Sem t\u00f3picos ainda!<\/small><\/small><\/div><div class=\"forum-poster\"><small class=\"no-topics\">Sem t\u00f3picos ainda!<\/small><\/div><\/div><div class=\"content-element forum\" id=\"forum-10\"><div class=\"forum-status unread\"><i class=\"fas fa-comments\"><\/i><\/div><div class=\"forum-name\"><a class=\"forum-title\" href=\"https:\/\/dialogos.ippdh.mercosur.int\/pt\/consultas-no\/forum\/genero-y-derechos-humanos-de-las-mujeres\/\">G\u00e9nero y Derechos Humanos de las Mujeres<\/a><small class=\"forum-stats\">1 T\u00f3pico&nbsp;&middot;&nbsp;  1 Post \n\n <\/small><small class=\"forum-lastpost-small\">\u00daltimo post:&nbsp;<a href=\"https:\/\/dialogos.ippdh.mercosur.int\/pt\/consultas-no\/topic\/sondeo-sobre-necesidades-de-politicas-de-cuidados-en-paises-del-mercosur\/#postid-17\">Sondeo sobre necesidades de pol\u00edti &#8230;<\/a>&nbsp;&middot;&nbsp;<a href=\"https:\/\/dialogos.ippdh.mercosur.int\/pt\/consultas-no\/topic\/sondeo-sobre-necesidades-de-politicas-de-cuidados-en-paises-del-mercosur\/#postid-17\">1 ano atr\u00e1s<\/a>&nbsp;&middot;&nbsp;<a class=\"profile-link highlight-admin\" href=\"https:\/\/dialogos.ippdh.mercosur.int\/pt\/consultas-no\/profile\/dmartinsippdh-mercosur-int\/\">Daniel<\/a><\/small><\/div><div class=\"forum-poster\"><div class=\"forum-poster-avatar\"><img alt='' src='https:\/\/secure.gravatar.com\/avatar\/ca08fa901e477d5e296b7e87c8d1aff74ec952df0c17bc931ca5e14dd34cbb92?s=40&#038;d=mm&#038;r=g' srcset='https:\/\/secure.gravatar.com\/avatar\/ca08fa901e477d5e296b7e87c8d1aff74ec952df0c17bc931ca5e14dd34cbb92?s=80&#038;d=mm&#038;r=g 2x' class='avatar avatar-40 photo' height='40' width='40' \/><\/div><div class=\"forum-poster-summary\"><a href=\"https:\/\/dialogos.ippdh.mercosur.int\/pt\/consultas-no\/topic\/sondeo-sobre-necesidades-de-politicas-de-cuidados-en-paises-del-mercosur\/#postid-17\">Sondeo sobre necesidades  &#8230;<\/a><br><small><a href=\"https:\/\/dialogos.ippdh.mercosur.int\/pt\/consultas-no\/topic\/sondeo-sobre-necesidades-de-politicas-de-cuidados-en-paises-del-mercosur\/#postid-17\">1 ano atr\u00e1s<\/a><span>&nbsp;&middot;&nbsp;<\/span><a class=\"profile-link highlight-admin\" href=\"https:\/\/dialogos.ippdh.mercosur.int\/pt\/consultas-no\/profile\/dmartinsippdh-mercosur-int\/\">Daniel<\/a><\/small><\/div><\/div><\/div><div class=\"content-element forum\" id=\"forum-11\"><div class=\"forum-status read\"><i class=\"fas fa-comments\"><\/i><\/div><div class=\"forum-name\"><a class=\"forum-title\" href=\"https:\/\/dialogos.ippdh.mercosur.int\/pt\/consultas-no\/forum\/personas-mayores\/\">Personas Mayores<\/a><small class=\"forum-stats\">0 T\u00f3pico&nbsp;&middot;&nbsp;  0 Post \n\n <\/small><small class=\"forum-lastpost-small\"><small class=\"no-topics\">Sem t\u00f3picos ainda!<\/small><\/small><\/div><div class=\"forum-poster\"><small class=\"no-topics\">Sem t\u00f3picos ainda!<\/small><\/div><\/div><div class=\"content-element forum\" id=\"forum-12\"><div class=\"forum-status unread\"><i class=\"fas fa-comments\"><\/i><\/div><div class=\"forum-name\"><a class=\"forum-title\" href=\"https:\/\/dialogos.ippdh.mercosur.int\/pt\/consultas-no\/forum\/lgbti\/\">LGBTI<\/a><small class=\"forum-stats\">1 T\u00f3pico&nbsp;&middot;&nbsp;  1 Post \n\n <\/small><small class=\"forum-lastpost-small\">\u00daltimo post:&nbsp;<a href=\"https:\/\/dialogos.ippdh.mercosur.int\/pt\/consultas-no\/topic\/derechos-politicos-y-electorales\/#postid-21\">Derechos pol\u00edticos y electorales<\/a>&nbsp;&middot;&nbsp;<a href=\"https:\/\/dialogos.ippdh.mercosur.int\/pt\/consultas-no\/topic\/derechos-politicos-y-electorales\/#postid-21\">9 meses atr\u00e1s<\/a>&nbsp;&middot;&nbsp;<a class=\"profile-link highlight-default\" href=\"https:\/\/dialogos.ippdh.mercosur.int\/pt\/consultas-no\/profile\/diana-fabiola-marquez-montelongo\/\">Diana Fabiola Marquez Montelongo<\/a><\/small><\/div><div class=\"forum-poster\"><div class=\"forum-poster-avatar\"><img alt='' src='https:\/\/secure.gravatar.com\/avatar\/896864e4dfc4443d8af0d54b4ddf35a8169a45f331ca9634f86a47e37f56cfad?s=40&#038;d=mm&#038;r=g' srcset='https:\/\/secure.gravatar.com\/avatar\/896864e4dfc4443d8af0d54b4ddf35a8169a45f331ca9634f86a47e37f56cfad?s=80&#038;d=mm&#038;r=g 2x' class='avatar avatar-40 photo' height='40' width='40' \/><\/div><div class=\"forum-poster-summary\"><a href=\"https:\/\/dialogos.ippdh.mercosur.int\/pt\/consultas-no\/topic\/derechos-politicos-y-electorales\/#postid-21\">Derechos pol\u00edticos y elec &#8230;<\/a><br><small><a href=\"https:\/\/dialogos.ippdh.mercosur.int\/pt\/consultas-no\/topic\/derechos-politicos-y-electorales\/#postid-21\">9 meses atr\u00e1s<\/a><span>&nbsp;&middot;&nbsp;<\/span><a class=\"profile-link highlight-default\" href=\"https:\/\/dialogos.ippdh.mercosur.int\/pt\/consultas-no\/profile\/diana-fabiola-marquez-montelongo\/\">Diana Fabiola Marquez Montelongo<\/a><\/small><\/div><\/div><\/div><div class=\"content-element forum\" id=\"forum-13\"><div class=\"forum-status unread\"><i class=\"fas fa-comments\"><\/i><\/div><div class=\"forum-name\"><a class=\"forum-title\" href=\"https:\/\/dialogos.ippdh.mercosur.int\/pt\/consultas-no\/forum\/contextos-criticos-y-de-emergencia\/\">Contextos Cr\u00edticos y de Emergencia<\/a><small class=\"forum-stats\">2 T\u00f3picos&nbsp;&middot;&nbsp;2 Posts<\/small><small class=\"forum-lastpost-small\">\u00daltimo post:&nbsp;<a href=\"https:\/\/dialogos.ippdh.mercosur.int\/pt\/consultas-no\/topic\/sobre-endeudamiento-de-los-hogares\/#postid-24\">Sobre Endeudamiento de los Hogares<\/a>&nbsp;&middot;&nbsp;<a href=\"https:\/\/dialogos.ippdh.mercosur.int\/pt\/consultas-no\/topic\/sobre-endeudamiento-de-los-hogares\/#postid-24\">9 meses atr\u00e1s<\/a>&nbsp;&middot;&nbsp;<a class=\"profile-link highlight-default\" href=\"https:\/\/dialogos.ippdh.mercosur.int\/pt\/consultas-no\/profile\/marcelo-ventos\/\">Marcelo Ventos<\/a><\/small><\/div><div class=\"forum-poster\"><div class=\"forum-poster-avatar\"><img alt='' src='https:\/\/secure.gravatar.com\/avatar\/fc1e089b018a17f0d2576a78ecf6f086b5f309bcc3e2f61c7f39a7506a4cff68?s=40&#038;d=mm&#038;r=g' srcset='https:\/\/secure.gravatar.com\/avatar\/fc1e089b018a17f0d2576a78ecf6f086b5f309bcc3e2f61c7f39a7506a4cff68?s=80&#038;d=mm&#038;r=g 2x' class='avatar avatar-40 photo' height='40' width='40' \/><\/div><div class=\"forum-poster-summary\"><a href=\"https:\/\/dialogos.ippdh.mercosur.int\/pt\/consultas-no\/topic\/sobre-endeudamiento-de-los-hogares\/#postid-24\">Sobre Endeudamiento de lo &#8230;<\/a><br><small><a href=\"https:\/\/dialogos.ippdh.mercosur.int\/pt\/consultas-no\/topic\/sobre-endeudamiento-de-los-hogares\/#postid-24\">9 meses atr\u00e1s<\/a><span>&nbsp;&middot;&nbsp;<\/span><a class=\"profile-link highlight-default\" href=\"https:\/\/dialogos.ippdh.mercosur.int\/pt\/consultas-no\/profile\/marcelo-ventos\/\">Marcelo Ventos<\/a><\/small><\/div><\/div><\/div><div class=\"content-element forum\" id=\"forum-14\"><div class=\"forum-status read\"><i class=\"fas fa-comments\"><\/i><\/div><div class=\"forum-name\"><a class=\"forum-title\" href=\"https:\/\/dialogos.ippdh.mercosur.int\/pt\/consultas-no\/forum\/educacion-y-cultura-en-derechos-humanos\/\">Educaci\u00f3n y Cultura en Derechos Humanos<\/a><small class=\"forum-stats\">0 T\u00f3pico&nbsp;&middot;&nbsp;  0 Post \n\n <\/small><small class=\"forum-lastpost-small\"><small class=\"no-topics\">Sem t\u00f3picos ainda!<\/small><\/small><\/div><div class=\"forum-poster\"><small class=\"no-topics\">Sem t\u00f3picos ainda!<\/small><\/div><\/div><div class=\"content-element forum\" id=\"forum-15\"><div class=\"forum-status read\"><i class=\"fas fa-comments\"><\/i><\/div><div class=\"forum-name\"><a class=\"forum-title\" href=\"https:\/\/dialogos.ippdh.mercosur.int\/pt\/consultas-no\/forum\/iniciativa-ninsur\/\">Iniciativa Ni\u00f1@Sur<\/a><small class=\"forum-stats\">0 T\u00f3pico&nbsp;&middot;&nbsp;  0 Post \n\n <\/small><small class=\"forum-lastpost-small\"><small class=\"no-topics\">Sem t\u00f3picos ainda!<\/small><\/small><\/div><div class=\"forum-poster\"><small class=\"no-topics\">Sem t\u00f3picos ainda!<\/small><\/div><\/div><\/div><div id=\"read-unread\"><span class=\"indicator unread\"><\/span><span class=\"indicator-label\">Novos posts<\/span><span class=\"indicator read\"><\/span><span class=\"indicator-label\">Nada novo<\/span><span class=\"indicator-label\"><span class=\"fas fa-check\"><\/span><a href=\"https:\/\/dialogos.ippdh.mercosur.int\/pt\/consultas-no\/markallread\/?_wpnonce=91adcc9e79\">Marcar todos como lidos<\/a><\/span><span class=\"indicator-label\"><span class=\"fas fa-history\"><\/span><a href=\"https:\/\/dialogos.ippdh.mercosur.int\/pt\/consultas-no\/unread\/\">Mostrar t\u00f3picos n\u00e3o lidos<\/a><\/span><div class=\"clear\"><\/div><\/div><div id=\"statistics\"><div class=\"title-element title-element-dark\"><span class=\"title-element-icon fas fa-chart-pie\"><\/span>Estat\u00edsticas<\/div><div id=\"statistics-body\"><div id=\"statistics-elements\"><div class=\"statistics-element\"><div class=\"element-number\"><span class=\"statistics-element-icon far fa-comments\"><\/span>10<\/div><div class=\"element-name\">T\u00f3picos<\/div><\/div><div class=\"statistics-element\"><div class=\"element-number\"><span class=\"statistics-element-icon far fa-comment\"><\/span>11<\/div><div class=\"element-name\">Posts<\/div><\/div><div class=\"statistics-element\"><div class=\"element-number\"><span class=\"statistics-element-icon far fa-eye\"><\/span>2.148<\/div><div class=\"element-name\">Visualiza\u00e7\u00f5es<\/div><\/div><div class=\"statistics-element\"><div class=\"element-number\"><span class=\"statistics-element-icon far fa-user\"><\/span>62<\/div><div class=\"element-name\">Usu\u00e1rios<\/div><\/div><div class=\"statistics-element\"><div class=\"element-number\"><span class=\"statistics-element-icon far fa-lightbulb\"><\/span>0<\/div><div class=\"element-name\">Online<\/div><\/div><\/div><div id=\"statistics-online-users\"><span class=\"online-users-icon fas fa-user\"><\/span>Membro mais recente:&nbsp;<i><a class=\"profile-link highlight-default\" href=\"https:\/\/dialogos.ippdh.mercosur.int\/pt\/consultas-no\/profile\/asociacion-civil-entreafros\/\">Asociacion Civil EntreAfros<\/a><\/i>&nbsp;&middot;&nbsp;<span class=\"online-users-icon fas fa-users\"><\/span><i>No momento ningu\u00e9m est\u00e1 online.<\/i><\/div><\/div><div class=\"clear\"><\/div><\/div><div id=\"bottom-navigation\"><\/div><div class=\"clear\"><\/div><\/div>","protected":false},"excerpt":{"rendered":"","protected":false},"author":1,"featured_media":0,"parent":0,"menu_order":0,"comment_status":"closed","ping_status":"closed","template":"","meta":{"_acf_changed":false,"footnotes":""},"class_list":["post-167","page","type-page","status-publish","hentry"],"acf":[],"_links":{"self":[{"href":"https:\/\/dialogos.ippdh.mercosur.int\/pt\/wp-json\/wp\/v2\/pages\/167","targetHints":{"allow":["GET"]}}],"collection":[{"href":"https:\/\/dialogos.ippdh.mercosur.int\/pt\/wp-json\/wp\/v2\/pages"}],"about":[{"href":"https:\/\/dialogos.ippdh.mercosur.int\/pt\/wp-json\/wp\/v2\/types\/page"}],"author":[{"embeddable":true,"href":"https:\/\/dialogos.ippdh.mercosur.int\/pt\/wp-json\/wp\/v2\/users\/1"}],"replies":[{"embeddable":true,"href":"https:\/\/dialogos.ippdh.mercosur.int\/pt\/wp-json\/wp\/v2\/comments?post=167"}],"version-history":[{"count":0,"href":"https:\/\/dialogos.ippdh.mercosur.int\/pt\/wp-json\/wp\/v2\/pages\/167\/revisions"}],"wp:attachment":[{"href":"https:\/\/dialogos.ippdh.mercosur.int\/pt\/wp-json\/wp\/v2\/media?parent=167"}],"curies":[{"name":"wp","href":"https:\/\/api.w.org\/{rel}","templated":true}]}}