{"id":214,"date":"2024-12-17T17:18:23","date_gmt":"2024-12-17T20:18:23","guid":{"rendered":"https:\/\/repositorio.ippdh.mercosur.int\/dialogo\/login-2\/"},"modified":"2025-09-19T11:50:23","modified_gmt":"2025-09-19T14:50:23","slug":"ingresar","status":"publish","type":"page","link":"https:\/\/dialogos.ippdh.mercosur.int\/pt\/ingresar\/","title":{"rendered":"Iniciar sess\u00e3o"},"content":{"rendered":"<div class=\"wp-block-columns is-layout-flex wp-container-core-columns-is-layout-9d6595d7 wp-block-columns-is-layout-flex\">\n<div class=\"wp-block-column is-layout-flow wp-block-column-is-layout-flow\"><div id=\"user-registration\" class=\"user-registration\">\n\t<div class=\"ur-frontend-form login\" id=\"ur-frontend-form\">\n\t\t\t\t<form class=\"user-registration-form user-registration-form-login login\" method=\"post\" action=\"\">\n\t\t\t<div class=\"ur-form-row\">\n\t\t\t\t<div class=\"ur-form-grid\">\n\t\t\t\t\t\t\t\t\t\t\t\t\t\t\t<p class=\"user-registration-form-row user-registration-form-row--wide form-row form-row-wide\" data-field=\"username\">\n\t\t\t\t\t\t<label for=\"username\">Nombre de usuario o correo electr\u00f3nico <span class=\"required\">*<\/span><\/label>\t\t\t\t\t\t<span class=\"input-wrapper\">\n\t\t\t\t\t\t<input placeholder=\"\" type=\"text\" class=\"user-registration-Input user-registration-Input--text input-text\" name=\"username\" id=\"username\" value=\"\" style=\"\"\/>\n\t\t\t\t\t\t\t\t\t\t\t\t<\/span>\n\t\t\t\t\t<\/p>\n\t\t\t\t\t\t\t\t\t\t\t<p class=\"user-registration-form-row user-registration-form-row--wide form-row form-row-wide\">\n\t\t\t\t\t\t\t<label for=\"password\">Contrase\u00f1a <span class=\"required\">*<\/span><\/label>\t\t\t\t\t\t\t<span class=\"input-wrapper\">\n\t\t\t\t\t\t<span class=\"password-input-group\">\n\t\t\t\t\t\t<input placeholder=\"\" class=\"user-registration-Input user-registration-Input--text input-text\" type=\"password\" name=\"password\" id=\"password\" style=\"\" \/>\n\n\t\t\t\t\t\t\t\t\t\t\t\t\t\t\t\t\t\t\t\t<\/span>\n\t\t\t\t\t\t<\/p>\n\t\t\t\t\t\t\t\t\t\t\n\t\t\t\t\t\t\t\t\t\t<p class=\"form-row\">\n\t\t\t\t\t\t<input type=\"hidden\" id=\"user-registration-login-nonce\" name=\"user-registration-login-nonce\" value=\"5c518e71a0\" \/><input type=\"hidden\" name=\"_wp_http_referer\" value=\"\/pt\/wp-json\/wp\/v2\/pages\/214\" \/>\t\t\t\t\t<div class=\"user-registration-before-login-btn\">\n\t\t\t\t\t\t\t\t\t\t\t\t\t<label class=\"user-registration-form__label user-registration-form__label-for-checkbox inline\">\n\t\t\t\t\t\t\t\t<input class=\"user-registration-form__input user-registration-form__input-checkbox\" name=\"rememberme\" type=\"checkbox\" id=\"rememberme\" value=\"forever\" \/> <span>Recu\u00e9rdame<\/span>\n\t\t\t\t\t\t\t<\/label>\n\t\t\t\t\t\t\t\t\t\t\t\t\t\t\t\t\t\t\t\t<p class=\"user-registration-LostPassword lost_password\">\n\t\t\t\t\t\t\t\t<a href=\"https:\/\/dialogos.ippdh.mercosur.int\/pt\/mi-cuenta\/lost-password\/\">Recuperar contrase\u00f1a<\/a>\n\t\t\t\t\t\t\t<\/p>\n\t\t\t\t\t\t\t\t\t\t\t\t<\/div>\n\t\t\t\t\t\t\t\t\t<\/p>\n\t\t\t\t\t<div>\n\t\t\t\t\t\t\t\t\t\t\t\t\t\t\t\t\t\t\t<button type=\"submit\" class=\"user-registration-Button button ur-submit-button\" name=\"login\" value=\"Acceso\"  >Acceso<\/button>\n\t\t\t\t\t\t\t\t\t\t\t<\/div>\n\t\t\t\t\t<input type=\"hidden\" name=\"redirect\" value=\"\" \/>\n\n\t\t\t\t\t<p class=\"user-registration-register register\">\t\t\t\t\t\t\t\t<a href=\"https:\/\/dialogos.ippdh.mercosur.int\/pt\/registro\/\"> \u00bfTodav\u00eda no tienes tu cuenta? Reg\u00edstrate ahora.\t\t\t\t\t\t\t\t<\/a>\n\t\t\t\t\t\t\t\t<\/p>\t\t\t\t\t\t\t\t\t<\/div>\n\t\t\t<\/div>\n\t\t<input type=\"hidden\" name=\"trp-form-language\" value=\"pt\"\/><\/form>\n\n\t<\/div>\n\n<\/div>\n<\/div>\n\n\n\n<div class=\"wp-block-column column-register is-layout-flow wp-block-column-is-layout-flow\">\n<h4 class=\"wp-block-heading\">\u00a1Tu voz cuenta! Inicia sesi\u00f3n para seguir participando en la construcci\u00f3n colectiva de un MERCOSUR m\u00e1s inclusivo y democr\u00e1tico.<\/h4>\n\n\n\n<ul class=\"wp-block-list\">\n<li><i class=\"fas fa-comments fa-fw color-gris2\"><\/i> Intercambia en los foros de la Comunidad.<\/li>\n\n\n\n<li><i class=\"fas fa-map fa-fw color-gris2\"><\/i> Suma tu organizaci\u00f3n al Mapa de Organizaciones Sociales.<\/li>\n\n\n\n<li><i class=\"fas fa-calendar fa-fw color-gris2\"><\/i> Ingresa tus eventos a la Agenda.<\/li>\n<\/ul>\n<\/div>\n<\/div>","protected":false},"excerpt":{"rendered":"<p>\u00a1Tu voz cuenta! Inicia sesi\u00f3n para seguir participando en la construcci\u00f3n colectiva de un MERCOSUR m\u00e1s inclusivo y democr\u00e1tico.<\/p>","protected":false},"author":2,"featured_media":0,"parent":0,"menu_order":0,"comment_status":"closed","ping_status":"closed","template":"","meta":{"_acf_changed":false,"footnotes":""},"class_list":["post-214","page","type-page","status-publish","hentry"],"acf":[],"_links":{"self":[{"href":"https:\/\/dialogos.ippdh.mercosur.int\/pt\/wp-json\/wp\/v2\/pages\/214","targetHints":{"allow":["GET"]}}],"collection":[{"href":"https:\/\/dialogos.ippdh.mercosur.int\/pt\/wp-json\/wp\/v2\/pages"}],"about":[{"href":"https:\/\/dialogos.ippdh.mercosur.int\/pt\/wp-json\/wp\/v2\/types\/page"}],"author":[{"embeddable":true,"href":"https:\/\/dialogos.ippdh.mercosur.int\/pt\/wp-json\/wp\/v2\/users\/2"}],"replies":[{"embeddable":true,"href":"https:\/\/dialogos.ippdh.mercosur.int\/pt\/wp-json\/wp\/v2\/comments?post=214"}],"version-history":[{"count":0,"href":"https:\/\/dialogos.ippdh.mercosur.int\/pt\/wp-json\/wp\/v2\/pages\/214\/revisions"}],"wp:attachment":[{"href":"https:\/\/dialogos.ippdh.mercosur.int\/pt\/wp-json\/wp\/v2\/media?parent=214"}],"curies":[{"name":"wp","href":"https:\/\/api.w.org\/{rel}","templated":true}]}}