{"id":21968,"date":"2025-04-22T15:26:47","date_gmt":"2025-04-22T18:26:47","guid":{"rendered":"https:\/\/repositorio.ippdh.mercosur.int\/dialogo\/?page_id=21968"},"modified":"2025-04-22T15:26:47","modified_gmt":"2025-04-22T18:26:47","slug":"quienes-somos","status":"publish","type":"page","link":"https:\/\/dialogos.ippdh.mercosur.int\/pt\/quienes-somos\/","title":{"rendered":"Quem somos"},"content":{"rendered":"<p>Somos um espa\u00e7o de di\u00e1logo impulsionado pelo Instituto de Pol\u00edticas P\u00fablicas em Direitos Humanos do MERCOSUL (IPPDH) para fortalecer a participa\u00e7\u00e3o da sociedade civil na regi\u00e3o.<\/p>\n\n\n\n<p>Nosso objetivo \u00e9 promover a interlocu\u00e7\u00e3o com movimentos, redes, organiza\u00e7\u00f5es e atores sociais, para que suas vozes e perspectivas sejam integradas ao ciclo das pol\u00edticas p\u00fablicas.<\/p>\n\n\n\n<p>Essa iniciativa, no marco do projeto IPPDH-FOCEM III, aprofunda o trabalho do Foro de Participa\u00e7\u00e3o Social criado em 2015, com o prop\u00f3sito de facilitar o interc\u00e2mbio de informa\u00e7\u00f5es, saberes e pontos de vista para o desenho, a implementa\u00e7\u00e3o e o monitoramento de pol\u00edticas p\u00fablicas com enfoque em direitos humanos.<\/p>\n\n\n\n<p>Promovemos um ambiente digital para compartilhar an\u00e1lises de conjuntura e construir propostas regionais de incid\u00eancia.<\/p>","protected":false},"excerpt":{"rendered":"<p>Somos un espacio de di\u00e1logo impulsado por el Instituto de Pol\u00edticas P\u00fablicas en Derechos Humanos del MERCOSUR (IPPDH) para fortalecer la participaci\u00f3n de la sociedad civil en la regi\u00f3n. Nuestro objetivo es promover la interlocuci\u00f3n con movimientos, redes, organizaciones y actores sociales para que sus voces y miradas sean integradas al ciclo de pol\u00edticas p\u00fablicas. [&hellip;]<\/p>","protected":false},"author":4,"featured_media":0,"parent":0,"menu_order":0,"comment_status":"closed","ping_status":"closed","template":"","meta":{"_acf_changed":false,"footnotes":""},"class_list":["post-21968","page","type-page","status-publish","hentry"],"acf":[],"_links":{"self":[{"href":"https:\/\/dialogos.ippdh.mercosur.int\/pt\/wp-json\/wp\/v2\/pages\/21968","targetHints":{"allow":["GET"]}}],"collection":[{"href":"https:\/\/dialogos.ippdh.mercosur.int\/pt\/wp-json\/wp\/v2\/pages"}],"about":[{"href":"https:\/\/dialogos.ippdh.mercosur.int\/pt\/wp-json\/wp\/v2\/types\/page"}],"author":[{"embeddable":true,"href":"https:\/\/dialogos.ippdh.mercosur.int\/pt\/wp-json\/wp\/v2\/users\/4"}],"replies":[{"embeddable":true,"href":"https:\/\/dialogos.ippdh.mercosur.int\/pt\/wp-json\/wp\/v2\/comments?post=21968"}],"version-history":[{"count":0,"href":"https:\/\/dialogos.ippdh.mercosur.int\/pt\/wp-json\/wp\/v2\/pages\/21968\/revisions"}],"wp:attachment":[{"href":"https:\/\/dialogos.ippdh.mercosur.int\/pt\/wp-json\/wp\/v2\/media?parent=21968"}],"curies":[{"name":"wp","href":"https:\/\/api.w.org\/{rel}","templated":true}]}}