{"id":23679,"date":"2025-05-14T17:56:48","date_gmt":"2025-05-14T20:56:48","guid":{"rendered":"https:\/\/repositorio.ippdh.mercosur.int\/dialogo\/?page_id=23679"},"modified":"2025-08-27T16:13:19","modified_gmt":"2025-08-27T19:13:19","slug":"cumbres-sociales","status":"publish","type":"page","link":"https:\/\/dialogos.ippdh.mercosur.int\/pt\/cumbres-sociales\/","title":{"rendered":"C\u00fapulas Sociais"},"content":{"rendered":"<style>.wp-show-posts-columns#wpsp-23680 {margin-left: -2em; }.wp-show-posts-columns#wpsp-23680 .wp-show-posts-inner {margin: 0 0 2em 2em; }<\/style><section id=\"wpsp-23680\" class=\"wp-show-posts\" style=\"\"><article class=\"wp-show-posts-single wpsp-clearfix post-23678 cumbre type-cumbre status-publish hentry\" itemtype=\"http:\/\/schema.org\/CreativeWork\" itemscope><div class=\"wp-show-posts-inner\" style=\"\">\t\t\t\t\t\t<header class=\"wp-show-posts-entry-header\">\n\t\t\t\t\t\t\t<h2 class=\"wp-show-posts-entry-title\" itemprop=\"headline\"><a href=\"https:\/\/dialogos.ippdh.mercosur.int\/pt\/cumbre\/ano-2023\/\" rel=\"bookmark\">A\u00f1o: 2023<\/a><\/h2><div class=\"wp-show-posts-entry-meta wp-show-posts-entry-meta-below-title post-meta-inline\"><span class=\"wp-show-posts-posted-on wp-show-posts-meta\">\n\t\t\t\t\t<a href=\"https:\/\/dialogos.ippdh.mercosur.int\/pt\/cumbre\/ano-2023\/\" title=\"2:58 pm\" rel=\"bookmark\"><time class=\"wp-show-posts-entry-date published\" datetime=\"2025-08-27T14:58:39-03:00\" itemprop=\"datePublished\">27 agosto, 2025<\/time><\/a>\n\t\t\t\t<\/span><\/div>\t\t\t\t\t\t<\/header><!-- .entry-header -->\n\t\t\t\t\t\t\t\t\t\t\t<div class=\"wp-show-posts-entry-content\" itemprop=\"text\">\n\t\t\t\t\t\t\t<strong>Edici\u00f3n:<\/strong> \r\n\r\n<strong>Pa\u00eds:<\/strong>\u00a0Rio de Janeiro, Brasil\r\n\r\n<strong>Declarac\u00edon:<\/strong>\r\n\r\nNosotros, los movimientos y organizaciones de la sociedad civil participantes en esta\nCumbre Social del Mercosur, saludamos la reanudaci\u00f3n de este espacio presencial de debate,\nencuentro, proposici\u00f3n y, sobre todo, incidencia en las decisiones y rumbos de la integraci\u00f3n\nregional, despu\u00e9s de siete a\u00f1os de interrupci\u00f3n y de atravesar un contexto de amenazas y\nretrocesos democr\u00e1ticos, una pandemia y el agravamiento de una profunda crisis civilizatoria\ninternacional.\nEn Am\u00e9rica Latina y el Caribe, durante el siglo XXI hemos vivido un intenso proceso\nde cambios pol\u00edticos a nivel continental que ha modificado nuestra posici\u00f3n como regi\u00f3n a\nnivel global, y nos queda la urgencia de construir procesos de soberan\u00eda y unidad, consolidando\nuna regi\u00f3n donde se prioriza garantizar el respeto a los derechos de las personas.\nLa integraci\u00f3n regional latinoamericana es actualmente una posibilidad real, dados los\ncambios tecnol\u00f3gicos y geopol\u00edticos que se est\u00e1n produciendo en el mundo. es tambi\u00e9n una\nimportante posibilidad de construir una ruta de desarrollo alternativa, solidaria, soberana y\nsostenible, que pueda resolver las graves desigualdades estructurales existentes en nuestros\npa\u00edses. De ser as\u00ed, resulta fundamental desde el punto de vista pol\u00edtico viabilizar esta\nintegraci\u00f3n, de la cual la consolidaci\u00f3n del Mercosur es s\u00f3lo un buen comienzo. Los gobiernos,\nlas sociedades y los movimientos sociales del Mercosur deben estar juntos en esta tarea.\nEsta Cumbre Social se present\u00f3 como un momento oportuno en el que las\norganizaciones de la sociedad civil expresamos y exigimos nuestro reclamo hist\u00f3rico de\ndetener el Acuerdo UE-MERCOSUR, cuya implementaci\u00f3n significar\u00eda la profundizaci\u00f3n del\nmodelo capitalista, extractivo, colonialista, patriarcal, racista, fortaleciendo a las \u00e9lites m\u00e1s\nretr\u00f3gradas y violentas en nuestra regi\u00f3n, amenazando el medio ambiente y la\nsociobiodiversidad y poniendo en riesgo la soberan\u00eda de nuestros pueblos y territorios.\nLos movimientos sociales aqu\u00ed reunidos en esta Cumbre exigimos, luego de derrotar el\nALCA en 2005, como conquista de nuestra lucha, que fueran creadas cumbres sociales y\ncontribuimos a su construcci\u00f3n. Lo que fortalecemos conjuntamente como prioridad para el\nfuturo del Mercosur es una perspectiva de integraci\u00f3n radicalmente comprometida con el\nenfrentamiento de la erosi\u00f3n democr\u00e1tica en nuestros pa\u00edses y sustentada en una agenda que\nincluya como tema central la participaci\u00f3n social y la escucha vinculante de voces y pueblos\nen los territorios, y en su diversidad.\nNecesitamos retomar, evaluar y avanzar en la construcci\u00f3n de procesos de participaci\u00f3n\nsocial en el Mercosur, asegurando la institucionalizaci\u00f3n de espacios y mecanismos, con\nfinanciamiento que asegure condiciones efectivas de participaci\u00f3n para la diversidad de voces\ny movimientos de la regi\u00f3n. De tal manera que la din\u00e1mica de participaci\u00f3n no sea vulnerable\na cambios de situaci\u00f3n y correlaci\u00f3n de fuerzas y no est\u00e9 sujeta a decisiones autoritarias u\nocasionales de algunos gobiernos antidemocr\u00e1ticos.\nEste compromiso se convierte en una prioridad en un contexto de avance de fuerzas\nantiderechos, conservadoras, fundamentalistas y econ\u00f3micas que utilizan la violencia pol\u00edtica,\nla violencia de g\u00e9nero y la violencia contra la diversidad y los discursos de odio produciendo\namenazas reales y graves violaciones en nuestros pa\u00edses a la participaci\u00f3n, la lucha y la propia\nvida de las y los defensores de derechos humanos y la criminalizaci\u00f3n de las causas que\ndefienden. En esta cumbre planteamos gran preocupaci\u00f3n y exigimos que en el \u00e1mbito del\nMercosur se fortalezcan los instrumentos de garant\u00eda y protecci\u00f3n de los derechos humanos\ncomo principio inviolable para los gobiernos y los distintos actores. Asimismo, instamos a los\npa\u00edses del Mercosur a respetar irrestrictamente la Declaraci\u00f3n Sociolaboral y los acuerdos de\nla OIT para garantizar los derechos y la protecci\u00f3n social del trabajo y promover la democracia.\nNecesitamos avanzar en el Mercosur, en camino hacia la consolidaci\u00f3n de la\nintegraci\u00f3n regional con profundizaci\u00f3n de la democracia y el compromiso para enfrentar la\nfinancierizaci\u00f3n de la naturaleza y el cambio clim\u00e1tico, la lucha contra el hambre, el\nfortalecimiento de la agricultura familiar y la garant\u00eda de la soberan\u00eda alimentaria, el pleno\nderecho a la salud y la vivienda, la superaci\u00f3n de las desigualdades raciales, \u00e9tnicas,\necon\u00f3micas y de g\u00e9nero que afectan a la poblaci\u00f3n LGBTQPIAN+, la reparaci\u00f3n de los\ncr\u00edmenes del colonialismo racista y la demarcaci\u00f3n de tierras ind\u00edgenas y quilombolas. De un\nMERCOSUR que, en definitiva, ponga el cuidado y la vida en el centro.\n\u00a1Declaramos nuestra solidaridad con los pueblos ind\u00edgenas y quilombolas que resisten\nen la defensa de sus territorios, con el pueblo cubano que resiste el bloqueo econ\u00f3mico y con\ntoda nuestra voz nos solidarizamos con la lucha del pueblo palestino!\r\n\r\n<strong>Fuente:<\/strong> https:\/\/www.gov.br\/secretariageral\/pt-br\/noticias\/2023\/dezembro\/movimentos-sociais-divulgam-declaracao-sobre-a-cupula-social-do-mercosul\/DeclaracinCumbreSocialESP.pdf\t\t\t\t\t\t<\/div><!-- .entry-content -->\n\t\t\t\t\t<\/div><!-- wp-show-posts-inner --><div class=\"wpsp-clear\"><\/div><\/article><\/section><!-- .wp-show-posts --><div class=\"wpsp-load-more\"><span aria-current=\"page\" class=\"page-numbers current\">1<\/span>\n<a class=\"page-numbers\" href=\"https:\/\/dialogos.ippdh.mercosur.int\/pt\/wp-json\/wp\/v2\/pages\/23679\/page\/2\/\">2<\/a>\n<span class=\"page-numbers dots\">&hellip;<\/span>\n<a class=\"page-numbers\" href=\"https:\/\/dialogos.ippdh.mercosur.int\/pt\/wp-json\/wp\/v2\/pages\/23679\/page\/8\/\">8<\/a>\n<a class=\"next page-numbers\" href=\"https:\/\/dialogos.ippdh.mercosur.int\/pt\/wp-json\/wp\/v2\/pages\/23679\/page\/2\/\">Pr\u00f3ximo &rarr;<\/a><\/div>","protected":false},"excerpt":{"rendered":"","protected":false},"author":2,"featured_media":0,"parent":0,"menu_order":0,"comment_status":"closed","ping_status":"closed","template":"cumbres-sociales.php","meta":{"_acf_changed":false,"footnotes":""},"class_list":["post-23679","page","type-page","status-publish","hentry"],"acf":[],"_links":{"self":[{"href":"https:\/\/dialogos.ippdh.mercosur.int\/pt\/wp-json\/wp\/v2\/pages\/23679","targetHints":{"allow":["GET"]}}],"collection":[{"href":"https:\/\/dialogos.ippdh.mercosur.int\/pt\/wp-json\/wp\/v2\/pages"}],"about":[{"href":"https:\/\/dialogos.ippdh.mercosur.int\/pt\/wp-json\/wp\/v2\/types\/page"}],"author":[{"embeddable":true,"href":"https:\/\/dialogos.ippdh.mercosur.int\/pt\/wp-json\/wp\/v2\/users\/2"}],"replies":[{"embeddable":true,"href":"https:\/\/dialogos.ippdh.mercosur.int\/pt\/wp-json\/wp\/v2\/comments?post=23679"}],"version-history":[{"count":0,"href":"https:\/\/dialogos.ippdh.mercosur.int\/pt\/wp-json\/wp\/v2\/pages\/23679\/revisions"}],"wp:attachment":[{"href":"https:\/\/dialogos.ippdh.mercosur.int\/pt\/wp-json\/wp\/v2\/media?parent=23679"}],"curies":[{"name":"wp","href":"https:\/\/api.w.org\/{rel}","templated":true}]}}