{"id":23981,"date":"2025-09-16T11:58:13","date_gmt":"2025-09-16T14:58:13","guid":{"rendered":"https:\/\/dialogosocial.ippdh.mercosur.int\/?page_id=23981"},"modified":"2025-09-16T11:58:14","modified_gmt":"2025-09-16T14:58:14","slug":"preguntas-frecuentes","status":"publish","type":"page","link":"https:\/\/dialogos.ippdh.mercosur.int\/pt\/preguntas-frecuentes\/","title":{"rendered":"Preguntas frecuentes"},"content":{"rendered":"<p><strong><em>\u00bfQu\u00e9 es la Plataforma \u00abDi\u00e1logos\u00bb del IPPDH MERCOSUR?<\/em><\/strong><\/p>\n\n\n\n<p><em>Es una herramienta virtual impulsada por el Instituto de Pol\u00edticas P\u00fablicas en Derechos Humanos del MERCOSUR, que promueve el di\u00e1logo entre la sociedad civil y los Estados, para fortalecer la incidencia de las organizaciones sociales en el dise\u00f1o y seguimiento de pol\u00edticas p\u00fablicas con enfoque de derechos humanos.<\/em><\/p>\n\n\n\n<p><strong><em>\u00bfQui\u00e9nes pueden participar?<\/em><\/strong><\/p>\n\n\n\n<p><em>Pueden participar en la Plataforma \u00abDi\u00e1logos\u00bb del IPPDH MERCOSUR todos los actores de la sociedad civil que tengan inter\u00e9s en contribuir al proceso de integraci\u00f3n regional desde una perspectiva social y de derechos. Esto incluye a organizaciones no gubernamentales (ONG), sindicatos, movimientos sociales, organizaciones comunitarias, asociaciones civiles, redes y otras formas de organizaci\u00f3n de la sociedad civil que act\u00faen en los pa\u00edses del MERCOSUR.\u00a0<\/em><\/p>\n\n\n\n<p><strong><em>\u00bfCon qu\u00e9 recursos cuenta esta Plataforma \u00abDi\u00e1logos\u00bb del IPPDH MERCOSUR?<\/em><\/strong><em>\u00a0<\/em><\/p>\n\n\n\n<p><em>La Plataforma \u00abDi\u00e1logos\u00bb del IPPDH MERCOSUR ofrece diversos recursos dise\u00f1ados para fortalecer la participaci\u00f3n activa de la sociedad civil en el proceso de integraci\u00f3n regional. Entre ellos se encuentra la Comunidad, un espacio virtual que facilita el intercambio de ideas, reflexiones y sondeos entre actores sociales de los distintos Estados Parte. Tambi\u00e9n cuenta con un Mapa de Organizaciones Sociales, una herramienta interactiva que permite ubicar y conocer a las organizaciones de la regi\u00f3n, promoviendo el v\u00ednculo y la articulaci\u00f3n entre ellas. Adem\u00e1s, se puede acceder al repositorio de Propuestas y Recomendaciones, que re\u00fane los aportes surgidos de las Consultas P\u00fablicas organizadas por el Foro de Participaci\u00f3n Social del IPPDH, consolidando as\u00ed una valiosa fuente de insumos para el desarrollo de pol\u00edticas con enfoque social y de derechos. Finalmente, la plataforma incluye una Agenda que concentra eventos relevantes del MERCOSUR organizados por redes y movimientos sociales, brindando oportunidades de formaci\u00f3n, participaci\u00f3n en foros de discusi\u00f3n y encuentros estrat\u00e9gicos entre las organizaciones para el fortalecimiento de la integraci\u00f3n regional.<\/em><\/p>\n\n\n\n<p><strong><em>\u00bfQu\u00e9 puedo hacer?&nbsp;<\/em><\/strong><\/p>\n\n\n\n<p><em>Puedes participar activamente en la Plataforma \u00abDi\u00e1logos\u00bb del IPPDH MERCOSUR de diversas maneras. Una forma es contribuyendo al mapa colaborativo sumando informaci\u00f3n sobre tu organizaci\u00f3n en el Mapa de Organizaciones Sociales, lo que permite visibilizar su trabajo y conectar con otras iniciativas similares en la regi\u00f3n. Tambi\u00e9n, puedes sumar los eventos de tu organizaci\u00f3n a la Agenda, difundiendo actividades de formaci\u00f3n, foros o encuentros. Adem\u00e1s, se pueden promover reflexiones y debates en Comunidad, un espacio donde se comparten ideas, experiencias y perspectivas. Finalmente, puedes consultar las recomendaciones y propuestas disponibles en el repositorio interactivo, que ofrecen insumos concretos para incidir en las pol\u00edticas p\u00fablicas.<\/em><\/p>\n\n\n\n<p><strong><em>\u00bfQu\u00e9 es el IPPDH?<\/em><\/strong><\/p>\n\n\n\n<p><em>El Instituto de Pol\u00edticas P\u00fablicas en Derechos Humanos del MERCOSUR (IPPDH) es un organismo regional que tiene como misi\u00f3n contribuir al fortalecimiento de la democracia y los derechos humanos como pilares fundamentales de la identidad suramericana y la integraci\u00f3n regional, mediante la cooperaci\u00f3n t\u00e9cnica y la coordinaci\u00f3n de pol\u00edticas p\u00fablicas. Su visi\u00f3n es convertirse en un referente en pol\u00edticas p\u00fablicas de derechos humanos desde una perspectiva del Sur. Para lograrlo, busca potenciar la asistencia t\u00e9cnica y la articulaci\u00f3n con los Estados Parte del MERCOSUR y la sociedad civil, promover el intercambio de conocimiento y la formaci\u00f3n con enfoque de derechos, fortalecer la identidad sudamericana a trav\u00e9s de estrategias en educaci\u00f3n, cultura y comunicaci\u00f3n, y garantizar su estructura institucional y sostenibilidad.<\/em><\/p>\n\n\n\n<p><strong><em>\u00bfQu\u00e9 es la RAADH?<\/em><\/strong><\/p>\n\n\n\n<p><em>La Reuni\u00f3n de Altas Autoridades sobre Derechos Humanos del MERCOSUR (RAADH) es un espacio intergubernamental de coordinaci\u00f3n de pol\u00edticas p\u00fablicas en derechos humanos que re\u00fane a las principales autoridades de los Estados Partes y Asociados del bloque. Funciona como una instancia especializada del Consejo del Mercado Com\u00fan (CMC), con seguimiento del Foro de Consulta y Concertaci\u00f3n Pol\u00edtica, y est\u00e1 integrada por titulares de organismos gubernamentales competentes en derechos humanos y de las Canciller\u00edas. Sesiona semestralmente bajo la presidencia pro t\u00e9mpore, adoptando decisiones por consenso entre los Estados Parte, y cuenta con el apoyo t\u00e9cnico del Instituto de Pol\u00edticas P\u00fablicas en Derechos Humanos del MERCOSUR (IPPDH).<\/em><\/p>\n\n\n\n<p><strong><em>\u00bfQu\u00e9 es la Cumbre Social del MERCOSUR?<\/em><\/strong><\/p>\n\n\n\n<p>La Cumbre Social del MERCOSUR es el principal espacio de di\u00e1logo entre las organizaciones sociales y los gobiernos de los Estados Parte y Asociados del bloque, orientado a fortalecer la integraci\u00f3n regional desde una perspectiva social y comunitaria. Organizada por la Presidencia Pro Tempore del MERCOSUR., Bbusca incorporar las voces de la sociedad civil en la construcci\u00f3n de pol\u00edticas que respondan a las realidades y necesidades de la poblaci\u00f3n.&nbsp;<\/p>","protected":false},"excerpt":{"rendered":"<p>\u00bfQu\u00e9 es la Plataforma \u00abDi\u00e1logos\u00bb del IPPDH MERCOSUR? Es una herramienta virtual impulsada por el Instituto de Pol\u00edticas P\u00fablicas en Derechos Humanos del MERCOSUR, que promueve el di\u00e1logo entre la sociedad civil y los Estados, para fortalecer la incidencia de las organizaciones sociales en el dise\u00f1o y seguimiento de pol\u00edticas p\u00fablicas con enfoque de derechos [&hellip;]<\/p>","protected":false},"author":4,"featured_media":0,"parent":0,"menu_order":0,"comment_status":"closed","ping_status":"closed","template":"","meta":{"_acf_changed":false,"footnotes":""},"class_list":["post-23981","page","type-page","status-publish","hentry"],"acf":[],"_links":{"self":[{"href":"https:\/\/dialogos.ippdh.mercosur.int\/pt\/wp-json\/wp\/v2\/pages\/23981","targetHints":{"allow":["GET"]}}],"collection":[{"href":"https:\/\/dialogos.ippdh.mercosur.int\/pt\/wp-json\/wp\/v2\/pages"}],"about":[{"href":"https:\/\/dialogos.ippdh.mercosur.int\/pt\/wp-json\/wp\/v2\/types\/page"}],"author":[{"embeddable":true,"href":"https:\/\/dialogos.ippdh.mercosur.int\/pt\/wp-json\/wp\/v2\/users\/4"}],"replies":[{"embeddable":true,"href":"https:\/\/dialogos.ippdh.mercosur.int\/pt\/wp-json\/wp\/v2\/comments?post=23981"}],"version-history":[{"count":0,"href":"https:\/\/dialogos.ippdh.mercosur.int\/pt\/wp-json\/wp\/v2\/pages\/23981\/revisions"}],"wp:attachment":[{"href":"https:\/\/dialogos.ippdh.mercosur.int\/pt\/wp-json\/wp\/v2\/media?parent=23981"}],"curies":[{"name":"wp","href":"https:\/\/api.w.org\/{rel}","templated":true}]}}