{"id":3,"date":"2024-11-26T22:11:45","date_gmt":"2024-11-27T01:11:45","guid":{"rendered":"https:\/\/repositorio.ippdh.mercosur.int\/dialogo\/?page_id=3"},"modified":"2025-09-29T11:58:16","modified_gmt":"2025-09-29T14:58:16","slug":"politica-privacidad","status":"publish","type":"page","link":"https:\/\/dialogos.ippdh.mercosur.int\/pt\/politica-privacidad\/","title":{"rendered":"Pol\u00edtica de Privacidad del portal Di\u00e1logos del IPPDH"},"content":{"rendered":"<h2>1. Responsable del Tratamiento de Datos<\/h2>\n    <p>\n        El portal **Di\u00e1logos** es una plataforma digital del Instituto de Pol\u00edticas P\u00fablicas del Mercosur (IPPDH), un organismo t\u00e9cnico del Mercosur. La direcci\u00f3n de nuestra web es: https:\/\/dialogos.ippdh.mercosur.int. En esta pol\u00edtica, describimos c\u00f3mo recopilamos, usamos y protegemos los datos personales de nuestros usuarios.\n    <\/p>\n\n    <h2>2. Informaci\u00f3n que Recopilamos<\/h2>\n    \n    <h3>a) Comentarios<\/h3>\n    <p>\n        Cuando los visitantes dejan comentarios, recopilamos los datos proporcionados en el formulario de comentarios, la direcci\u00f3n IP del visitante y la cadena de agente de usuario del navegador, con el fin de detectar spam. Una cadena an\u00f3nima (hash) creada a partir de su correo electr\u00f3nico puede ser enviada al servicio Gravatar. La pol\u00edtica de privacidad de Gravatar se encuentra en <a href=\"https:\/\/automattic.com\/privacy\/\" target=\"_blank\">https:\/\/automattic.com\/privacy\/<\/a>. Al ser aprobado su comentario, su imagen de perfil ser\u00e1 visible.\n    <\/p>\n\n    <h3>b) Multimedia<\/h3>\n    <p>\n        Si sube im\u00e1genes a la web, tenga en cuenta que estas pueden contener datos de ubicaci\u00f3n (GPS EXIF). Le recomendamos evitar subir im\u00e1genes con esta informaci\u00f3n, ya que otros visitantes podr\u00edan descargarla.\n    <\/p>\n\n    <h3>c) Cookies<\/h3>\n    <p>\n        Usamos cookies para mejorar su experiencia en el portal.\n    <\/p>\n    <ul>\n        <li><strong>Para comentarios:<\/strong> Si deja un comentario, una cookie puede guardar su nombre, correo electr\u00f3nico y sitio web por un a\u00f1o, para su conveniencia.<\/li>\n        <li><strong>Para usuarios registrados:<\/strong> Al iniciar sesi\u00f3n, configuramos cookies temporales para verificar la compatibilidad de su navegador y cookies de sesi\u00f3n para guardar sus datos de inicio de sesi\u00f3n y preferencias de visualizaci\u00f3n. Estas \u00faltimas duran dos d\u00edas. Si selecciona \u201cRecordarme\u201d, la sesi\u00f3n se mantendr\u00e1 por dos semanas.<\/li>\n        <li><strong>Para editores:<\/strong> Si edita o publica un art\u00edculo, una cookie guardar\u00e1 el ID de publicaci\u00f3n por un d\u00eda.<\/li>\n    <\/ul>\n\n    <h2>3. Contenido de Terceros<\/h2>\n    <p>\n        Los art\u00edculos en este portal pueden incluir contenido incrustado (videos, im\u00e1genes, art\u00edculos) de otros sitios web. Este contenido se comporta como si hubiera visitado directamente el otro sitio, por lo que podr\u00edan recopilar sus datos, usar cookies o rastrear su interacci\u00f3n si tiene una cuenta con ellos.\n    <\/p>\n\n    <h2>4. Almacenamiento y Compartici\u00f3n de Datos<\/h2>\n    <ul>\n        <li><strong>Comentarios:<\/strong> Los comentarios y sus metadatos se conservan indefinidamente para permitir la aprobaci\u00f3n autom\u00e1tica de futuros comentarios.<\/li>\n        <li><strong>Usuarios registrados:<\/strong> La informaci\u00f3n personal proporcionada en el perfil de usuario se almacena de forma segura. Los usuarios pueden ver, editar o eliminar sus datos en cualquier momento, excepto su nombre de usuario. Los administradores del sitio tambi\u00e9n tienen acceso a esta informaci\u00f3n.<\/li>\n        <li><strong>Recuperaci\u00f3n de contrase\u00f1a:<\/strong> Si solicita un restablecimiento de contrase\u00f1a, su direcci\u00f3n IP ser\u00e1 incluida en el correo electr\u00f3nico enviado para este fin.<\/li>\n    <\/ul>\n\n    <h2>5. Sus Derechos sobre los Datos<\/h2>\n    <p>\n        Tiene derecho a:\n    <\/p>\n    <ul>\n        <li><strong>Acceder a sus datos:<\/strong> Puede solicitar un archivo exportado de los datos personales que tenemos sobre usted.<\/li>\n        <li><strong>Eliminar sus datos:<\/strong> Puede solicitar la eliminaci\u00f3n de cualquier dato personal que tengamos, excepto aquellos que estamos obligados a conservar por motivos administrativos, legales o de seguridad.<\/li>\n    <\/ul>\n\n    <h2>6. Env\u00edo de Datos<\/h2>\n    <p>\n        Los comentarios de los visitantes son verificados a trav\u00e9s de un servicio autom\u00e1tico de detecci\u00f3n de spam para garantizar la seguridad del portal.\n    <\/p>","protected":false},"excerpt":{"rendered":"<p>1. Responsable del Tratamiento de Datos El portal **Di\u00e1logos** es una plataforma digital del Instituto de Pol\u00edticas P\u00fablicas del Mercosur (IPPDH), un organismo t\u00e9cnico del Mercosur. La direcci\u00f3n de nuestra web es: https:\/\/dialogos.ippdh.mercosur.int. En esta pol\u00edtica, describimos c\u00f3mo recopilamos, usamos y protegemos los datos personales de nuestros usuarios. 2. Informaci\u00f3n que Recopilamos a) Comentarios Cuando [&hellip;]<\/p>","protected":false},"author":1,"featured_media":0,"parent":0,"menu_order":0,"comment_status":"closed","ping_status":"open","template":"","meta":{"_acf_changed":false,"footnotes":""},"class_list":["post-3","page","type-page","status-publish","hentry"],"acf":[],"_links":{"self":[{"href":"https:\/\/dialogos.ippdh.mercosur.int\/pt\/wp-json\/wp\/v2\/pages\/3","targetHints":{"allow":["GET"]}}],"collection":[{"href":"https:\/\/dialogos.ippdh.mercosur.int\/pt\/wp-json\/wp\/v2\/pages"}],"about":[{"href":"https:\/\/dialogos.ippdh.mercosur.int\/pt\/wp-json\/wp\/v2\/types\/page"}],"author":[{"embeddable":true,"href":"https:\/\/dialogos.ippdh.mercosur.int\/pt\/wp-json\/wp\/v2\/users\/1"}],"replies":[{"embeddable":true,"href":"https:\/\/dialogos.ippdh.mercosur.int\/pt\/wp-json\/wp\/v2\/comments?post=3"}],"version-history":[{"count":0,"href":"https:\/\/dialogos.ippdh.mercosur.int\/pt\/wp-json\/wp\/v2\/pages\/3\/revisions"}],"wp:attachment":[{"href":"https:\/\/dialogos.ippdh.mercosur.int\/pt\/wp-json\/wp\/v2\/media?parent=3"}],"curies":[{"name":"wp","href":"https:\/\/api.w.org\/{rel}","templated":true}]}}