{"id":5418,"date":"2025-02-12T10:36:36","date_gmt":"2025-02-12T13:36:36","guid":{"rendered":"https:\/\/repositorio.ippdh.mercosur.int\/dialogo\/?page_id=5418"},"modified":"2025-09-22T16:41:50","modified_gmt":"2025-09-22T19:41:50","slug":"mapa","status":"publish","type":"page","link":"https:\/\/dialogos.ippdh.mercosur.int\/pt\/mapa\/","title":{"rendered":"Mapa de Organiza\u00e7\u00f5es Sociais"},"content":{"rendered":"<div class=\"wp-block-buttons\" style=\"margin:0; display:flex; justify-content:flex-end;\">\n  <div class=\"wp-block-button\" style=\"margin:0;\">\n    <a id=\"btn-actualizar-mapa\" href=\"#\" class=\"wp-block-button__link has-background\"\n       style=\"background:#2563eb; color:#fff; border-radius:9999px; padding:.35rem .65rem; line-height:1; font-weight:600; display:none; align-items:center; gap:.25rem; text-decoration:none;\"\n       onclick=\"location.reload(); return false;\"\n       aria-label=\"Mostrar mapa\">\n      <svg xmlns=\"http:\/\/www.w3.org\/2000\/svg\" viewbox=\"0 0 24 24\" width=\"14\" height=\"14\" fill=\"currentColor\" aria-hidden=\"true\">\n        <path d=\"M12 2a7 7 0 0 0-7 7c0 5.25 7 13 7 13s7-7.75 7-13a7 7 0 0 0-7-7zm0 9.5A2.5 2.5 0 1 1 12 6a2.5 2.5 0 0 1 0 5.5z\"\/>\n      <\/svg>\n      <span>Explorar<\/span>\n    <\/a>\n  <\/div>\n<\/div>\n\n<script>\n  \/\/ Auto-click a los 2s, s\u00f3lo una vez por pesta\u00f1a\n  window.addEventListener('load', function () {\n    if (sessionStorage.getItem('wpgm_auto_clicked')) return;\n    const btn = document.getElementById('btn-actualizar-mapa');\n    if (!btn) return;\n    setTimeout(() => {\n      sessionStorage.setItem('wpgm_auto_clicked', '1');\n      btn.click();\n    }, 2000);\n  });\n<\/script>\n\n\n\n<div class=\"wp-block-buttons is-layout-flex wp-block-buttons-is-layout-flex\"><\/div>\n\n\n\n<script defer\n src=\"https:\/\/maps.googleapis.com\/maps\/api\/js?key=AIzaSyAw4VTWwX0v8LexP-84IlTwXIvkGmp1MaY&#038;v=weekly&#038;loading=async&#038;region=AR&#038;language=es&#038;callback=initMap\">\n<\/script>\n\n\n<div class=\"wpgmza-filter-widgets\" data-map-id=\"1\"><select data-wpgmza-filter-widget-class=\"WPGMZA\\CustomFieldFilterWidget\\Dropdown\" data-map-id=\"1\" data-field-id=\"2\" argentina=\"Argentina\" brasil=\"Brasil\"><option value=\"\" disabled selected style=\"display: none;\">Pa\u00eds<\/option><option>Argentina<\/option><option>Bolivia<\/option><option>Brasil<\/option><option>Paraguay<\/option><option>Uruguay<\/option><\/select><button type=\"button\" class=\"wpgmza-reset-custom-fields\">Reset<\/button><\/div><div id=\"wpgmza_map_1\" class=\"wpgmza_map wpgmza-auto-center\" style=\"display:block;width:100vw;height:100vh;overflow:hidden;position:relative;\" data-map-id=\"1\" data-maps-engine=\"google-maps\" data-build-engine=\"atlas-novus\" data-shortcode-attributes=\"{&quot;id&quot;:&quot;1&quot;,&quot;zoom&quot;:false,&quot;width&quot;:false,&quot;height&quot;:false,&quot;marker&quot;:false,&quot;classname&quot;:false,&quot;mashup&quot;:false,&quot;mashup_ids&quot;:false,&quot;cat&quot;:false,&quot;type&quot;:&quot;default&quot;,&quot;parent_id&quot;:false,&quot;lat&quot;:false,&quot;lng&quot;:false,&quot;mark_center&quot;:false,&quot;enable_category&quot;:false,&quot;directions_from&quot;:false,&quot;directions_to&quot;:false,&quot;directions_waypoints&quot;:false,&quot;directions_auto&quot;:false,&quot;disable_vgm_form&quot;:&quot;1&quot;,&quot;redirect_to&quot;:false}\" data-settings=\"{&quot;map_title&quot;:&quot;Mapa directorio&quot;,&quot;map_width&quot;:&quot;100&quot;,&quot;map_height&quot;:&quot;100&quot;,&quot;map_start_lat&quot;:&quot;-28.042776716862214&quot;,&quot;map_start_lng&quot;:&quot;-60.71907402364719&quot;,&quot;map_start_location&quot;:&quot;45.950464398418106,-109.81550500000003&quot;,&quot;map_start_zoom&quot;:&quot;4&quot;,&quot;default_marker&quot;:&quot;{\\&quot;url\\&quot;:\\&quot;\\\/\\\/repositorio.ippdh.mercosur.int\\\/dialogo\\\/wp-content\\\/uploads\\\/2025\\\/02\\\/marcador1.png\\&quot;,\\&quot;retina\\&quot;:true}&quot;,&quot;type&quot;:&quot;1&quot;,&quot;alignment&quot;:&quot;4&quot;,&quot;directions_enabled&quot;:&quot;0&quot;,&quot;styling_enabled&quot;:&quot;0&quot;,&quot;styling_json&quot;:&quot;&quot;,&quot;active&quot;:&quot;0&quot;,&quot;kml&quot;:&quot;&quot;,&quot;bicycle&quot;:&quot;0&quot;,&quot;traffic&quot;:&quot;0&quot;,&quot;dbox&quot;:&quot;1&quot;,&quot;dbox_width&quot;:&quot;&quot;,&quot;listmarkers&quot;:&quot;0&quot;,&quot;listmarkers_advanced&quot;:&quot;0&quot;,&quot;filterbycat&quot;:&quot;1&quot;,&quot;ugm_enabled&quot;:&quot;1&quot;,&quot;ugm_category_enabled&quot;:&quot;1&quot;,&quot;fusion&quot;:&quot;&quot;,&quot;map_width_type&quot;:&quot;vw&quot;,&quot;map_height_type&quot;:&quot;vh&quot;,&quot;mass_marker_support&quot;:&quot;0&quot;,&quot;ugm_access&quot;:&quot;2&quot;,&quot;order_markers_by&quot;:&quot;1&quot;,&quot;order_markers_choice&quot;:&quot;1&quot;,&quot;show_user_location&quot;:&quot;0&quot;,&quot;default_to&quot;:&quot;&quot;,&quot;map_type&quot;:1,&quot;sl_stroke_color&quot;:&quot;#ff0000&quot;,&quot;sl_fill_color&quot;:&quot;#ff0000&quot;,&quot;sl_stroke_opacity&quot;:&quot;1&quot;,&quot;sl_fill_opacity&quot;:&quot;0.5&quot;,&quot;transport_layer&quot;:false,&quot;action&quot;:&quot;wpgmza_save_map&quot;,&quot;redirect_to&quot;:&quot;\\\/wp-admin\\\/admin-post.php&quot;,&quot;map_id&quot;:&quot;1&quot;,&quot;http_referer&quot;:&quot;\\\/dialogo\\\/wp-admin\\\/admin.php?page=wp-google-maps-menu&amp;amp;action=edit&amp;amp;map_id=1&quot;,&quot;wpgmza_id&quot;:&quot;1&quot;,&quot;wpgmza_start_location&quot;:&quot;-28.042776716862214,-60.71907402364719&quot;,&quot;wpgmza_start_zoom&quot;:&quot;4&quot;,&quot;wpgmza_theme_data&quot;:&quot;[{\\&quot;featureType\\&quot;: \\&quot;administrative\\&quot;,\\&quot;elementType\\&quot;: \\&quot;labels.text.fill\\&quot;,\\&quot;stylers\\&quot;: [{\\&quot;color\\&quot;: \\&quot;#444444\\&quot;}]},{\\&quot;featureType\\&quot;: \\&quot;landscape\\&quot;,\\&quot;elementType\\&quot;: \\&quot;all\\&quot;,\\&quot;stylers\\&quot;: [{\\&quot;color\\&quot;: \\&quot;#f2f2f2\\&quot;}]},{\\&quot;featureType\\&quot;: \\&quot;poi\\&quot;,\\&quot;elementType\\&quot;: \\&quot;all\\&quot;,\\&quot;stylers\\&quot;: [{\\&quot;visibility\\&quot;: \\&quot;off\\&quot;}]},{\\&quot;featureType\\&quot;: \\&quot;road\\&quot;,\\&quot;elementType\\&quot;: \\&quot;all\\&quot;,\\&quot;stylers\\&quot;: [{\\&quot;saturation\\&quot;: -100},{\\&quot;lightness\\&quot;: 45}]},{\\&quot;featureType\\&quot;: \\&quot;road.highway\\&quot;,\\&quot;elementType\\&quot;: \\&quot;all\\&quot;,\\&quot;stylers\\&quot;: [{\\&quot;visibility\\&quot;: \\&quot;simplified\\&quot;}]},{\\&quot;featureType\\&quot;: \\&quot;road.arterial\\&quot;,\\&quot;elementType\\&quot;: \\&quot;labels.icon\\&quot;,\\&quot;stylers\\&quot;: [{\\&quot;visibility\\&quot;: \\&quot;off\\&quot;}]},{\\&quot;featureType\\&quot;: \\&quot;transit\\&quot;,\\&quot;elementType\\&quot;: \\&quot;all\\&quot;,\\&quot;stylers\\&quot;: [{\\&quot;visibility\\&quot;: \\&quot;off\\&quot;}]},{\\&quot;featureType\\&quot;: \\&quot;water\\&quot;,\\&quot;elementType\\&quot;: \\&quot;all\\&quot;,\\&quot;stylers\\&quot;: [{\\&quot;color\\&quot;: \\&quot;#46bcec\\&quot;},{\\&quot;visibility\\&quot;: \\&quot;on\\&quot;}]}]&quot;,&quot;wpgmza_dbox_width_type&quot;:&quot;%&quot;,&quot;default_from&quot;:&quot;&quot;,&quot;directions_behaviour&quot;:&quot;default&quot;,&quot;force_google_directions_app&quot;:false,&quot;directions_route_origin_icon&quot;:&quot;https:\\\/\\\/repositorio.ippdh.mercosur.int\\\/dialogo\\\/wp-content\\\/plugins\\\/wp-google-maps\\\/images\\\/spotlight-poi3.png&quot;,&quot;directions_origin_retina&quot;:true,&quot;directions_route_destination_icon&quot;:&quot;https:\\\/\\\/repositorio.ippdh.mercosur.int\\\/dialogo\\\/wp-content\\\/plugins\\\/wp-google-maps\\\/images\\\/spotlight-poi3.png&quot;,&quot;directions_destination_retina&quot;:true,&quot;directions_route_stroke_color&quot;:&quot;#4d8df5&quot;,&quot;directions_route_stroke_weight&quot;:&quot;4&quot;,&quot;directions_route_stroke_opacity&quot;:&quot;0.8&quot;,&quot;directions_fit_bounds_to_route&quot;:false,&quot;store_locator_enabled&quot;:false,&quot;store_locator_search_area&quot;:&quot;radial&quot;,&quot;wpgmza_store_locator_radius_style&quot;:&quot;legacy&quot;,&quot;wpgmza_store_locator_default_radius&quot;:&quot;10&quot;,&quot;store_locator_auto_area_max_zoom&quot;:&quot;&quot;,&quot;wpgmza_store_locator_restrict&quot;:&quot;&quot;,&quot;store_locator_distance&quot;:false,&quot;wpgmza_store_locator_position&quot;:false,&quot;store_locator_show_distance&quot;:false,&quot;store_locator_category&quot;:true,&quot;wpgmza_store_locator_use_their_location&quot;:false,&quot;wpgmza_store_locator_bounce&quot;:false,&quot;upload_default_sl_marker&quot;:&quot;&quot;,&quot;upload_default_sl_marker_retina&quot;:false,&quot;wpgmza_sl_animation&quot;:&quot;0&quot;,&quot;wpgmza_store_locator_hide_before_search&quot;:false,&quot;store_locator_query_string&quot;:&quot;&quot;,&quot;store_locator_location_placeholder&quot;:&quot;&quot;,&quot;store_locator_default_address&quot;:&quot;&quot;,&quot;store_locator_name_search&quot;:false,&quot;store_locator_name_string&quot;:&quot;&quot;,&quot;store_locator_not_found_message&quot;:&quot;&quot;,&quot;retina&quot;:true,&quot;wpgmza_map_align&quot;:&quot;2&quot;,&quot;upload_default_ul_marker&quot;:&quot;&quot;,&quot;upload_default_ul_marker_retina&quot;:false,&quot;jump_to_nearest_marker_on_initialization&quot;:false,&quot;automatically_pan_to_users_location&quot;:false,&quot;override_users_location_zoom_level&quot;:false,&quot;override_users_location_zoom_levels&quot;:&quot;&quot;,&quot;show_distance_from_location&quot;:false,&quot;map_max_zoom&quot;:&quot;10&quot;,&quot;map_min_zoom&quot;:&quot;0&quot;,&quot;click_open_link&quot;:false,&quot;fit_maps_bounds_to_markers&quot;:false,&quot;fit_maps_bounds_to_markers_after_filtering&quot;:false,&quot;hide_point_of_interest&quot;:false,&quot;wpgmza_zoom_on_marker_click&quot;:false,&quot;wpgmza_zoom_on_marker_click_slider&quot;:&quot;&quot;,&quot;close_infowindow_on_map_click&quot;:false,&quot;disable_lightbox_images&quot;:false,&quot;use_Raw_Jpeg_Coordinates&quot;:false,&quot;polygon_labels&quot;:false,&quot;disable_polygon_info_windows&quot;:false,&quot;enable_advanced_custom_fields_integration&quot;:false,&quot;enable_toolset_woocommerce_integration&quot;:false,&quot;enable_woo_product_integration&quot;:false,&quot;enable_marker_labels&quot;:false,&quot;only_load_markers_within_viewport&quot;:false,&quot;zoom_level_mobile_override_enabled&quot;:true,&quot;zoom_level_mobile_override&quot;:&quot;&quot;,&quot;iw_primary_color&quot;:&quot;#000000&quot;,&quot;iw_accent_color&quot;:&quot;#000000&quot;,&quot;iw_text_color&quot;:&quot;#000000&quot;,&quot;wpgmza_listmarkers_by&quot;:&quot;8&quot;,&quot;wpgmza_marker_listing_position&quot;:true,&quot;wpgmza_push_in_map&quot;:false,&quot;wpgmza_push_in_map_placement&quot;:&quot;1&quot;,&quot;wpgmza_push_in_map_width&quot;:&quot;100%&quot;,&quot;wpgmza_push_in_map_height&quot;:&quot;&quot;,&quot;zoom_level_on_marker_listing_override&quot;:false,&quot;zoom_level_on_marker_listing_click&quot;:&quot;&quot;,&quot;marker_listing_disable_zoom&quot;:false,&quot;datatable_no_result_message&quot;:&quot;&quot;,&quot;remove_search_box_datables&quot;:false,&quot;dataTable_pagination_style&quot;:&quot;default&quot;,&quot;datatable_search_string&quot;:&quot;&quot;,&quot;datatable_result_start&quot;:&quot;&quot;,&quot;datatable_result_of&quot;:&quot;&quot;,&quot;datatable_result_to&quot;:&quot;&quot;,&quot;datatable_result_total&quot;:&quot;&quot;,&quot;datatable_result_show&quot;:&quot;&quot;,&quot;datatable_result_entries&quot;:&quot;&quot;,&quot;wpgmza_savemap&quot;:&quot;Guardar Mapa&quot;,&quot;shortcodeAttributes&quot;:{&quot;id&quot;:&quot;1&quot;,&quot;disable_vgm_form&quot;:&quot;1&quot;},&quot;enable_filter_custom_field_1&quot;:false,&quot;marker_listing_component_anchor&quot;:&quot;1&quot;,&quot;store_locator_component_anchor&quot;:&quot;0&quot;,&quot;store_locator_nearby_searches&quot;:false,&quot;directions_box_component_anchor&quot;:&quot;1&quot;,&quot;wpgmza_theme&quot;:&quot;1&quot;,&quot;custom_tile_enabled&quot;:false,&quot;custom_tile_image&quot;:&quot;&quot;,&quot;custom_tile_image_width&quot;:&quot;&quot;,&quot;custom_tile_image_height&quot;:&quot;&quot;,&quot;custom_tile_image_attribution&quot;:&quot;&quot;,&quot;marker_share_links&quot;:false,&quot;marker_listing_component_auto_open&quot;:true,&quot;category_filter_component_anchor&quot;:&quot;6&quot;,&quot;category_legends_enabled&quot;:false,&quot;category_legends_component_anchor&quot;:&quot;0&quot;,&quot;map_starts_in_streetview&quot;:false,&quot;map_starts_in_streetview_location&quot;:&quot;&quot;,&quot;map_starts_in_streetview_heading&quot;:&quot;&quot;,&quot;map_starts_in_streetview_pitch&quot;:&quot;&quot;,&quot;wpgmza_iw_type&quot;:&quot;0&quot;,&quot;enable_advanced_custom_fields_integration_type&quot;:&quot;&quot;,&quot;enable_filter_custom_field_2&quot;:true,&quot;wpgmza_ol_tile_filter&quot;:&quot;none&quot;,&quot;enable_filter_custom_field_3&quot;:true,&quot;wpgmza_ugm_upload_images&quot;:1,&quot;wpgmza_ugm_link_enabled&quot;:&quot;2&quot;,&quot;wpgmza_ugm_desc_enabled&quot;:&quot;1&quot;,&quot;wpgmza_ugm_form_header&quot;:&quot;Complete el formulario&quot;,&quot;wpgmza_ugm_form_title&quot;:&quot;Nombre de la Organizaci\\u00f3n&quot;,&quot;wpgmza_ugm_form_title_ph&quot;:&quot;Nombre de la Organizaci\\u00f3n&quot;,&quot;wpgmza_ugm_form_address&quot;:&quot;&quot;,&quot;wpgmza_ugm_form_address_ph&quot;:&quot;&quot;,&quot;wpgmza_ugm_form_address_help&quot;:&quot;Enviar&quot;,&quot;wpgmza_ugm_form_desc&quot;:&quot;&quot;,&quot;wpgmza_ugm_form_link&quot;:&quot;&quot;,&quot;wpgmza_ugm_form_link_ph&quot;:&quot;&quot;,&quot;wpgmza_ugm_form_image&quot;:&quot;&quot;,&quot;wpgmza_ugm_form_category&quot;:&quot;&quot;,&quot;zoom_after_ugm_submission&quot;:&quot;0&quot;,&quot;enable_filter_custom_field_4&quot;:false,&quot;enable_filter_custom_field_5&quot;:true,&quot;enable_filter_custom_field_6&quot;:false,&quot;enable_filter_custom_field_7&quot;:false,&quot;enable_filter_custom_field_8&quot;:false,&quot;enable_filter_custom_field_9&quot;:true,&quot;id&quot;:1}\" >\n<div class='wpgmza-inner-stack left'><div class='grouping'><div class='grouping-item' data-component='listing' ><div data-wpgmza-table data-wpgmza-php-class=\"WPGMZA\\MarkerListing\\Panel\" data-wpgmza-rest-api-route=\"\/marker-listing\/\" data-wpgmza-marker-listing=\"true\" class=\"wpgmza_marker_list_class\" style=\"width:100%;\" data-wpgmza-ajax-parameters='{\"map_id\":1}' id=\"wpgmza_marker_list_1\"><\/div><\/div><\/div><div class='grouping-handle'><div class='icon'><\/div><\/div><\/div>\n<div class='wpgmza-inner-stack top_right'><div class='wpgmza-marker-listing-category-filter wpgmza-dropdown' data-map-id='1' id='wpgmza_filter_1'><label>Filtrar por<\/label><select mid=\"1\" id=\"wpgmza_filter_select\" name=\"wpgmza_filter_select\"><option value=\"0\">Todas<\/option><option value=\"3\">&nbsp;Acceso a la educaci\u00f3n\/Acesso \u00e0 educa\u00e7\u00e3o<\/option><option value=\"8\">&nbsp;Acceso a la justicia\/Acesso \u00e0 justi\u00e7a<\/option><option value=\"1\">&nbsp;Acceso a la salud\/Acesso \u00e0 sa\u00fade<\/option><option value=\"5\">&nbsp;Acceso a la tierra\/Acesso \u00e0 terra<\/option><option value=\"4\">&nbsp;Acceso a la vivienda\/Acesso \u00e0 moradia<\/option><option value=\"22\">&nbsp;Agenda 2030- ODS\/Agenda 2030 \u2013 ODS<\/option><option value=\"23\">&nbsp;Democracia y DDHH\/Democracia e DH<\/option><option value=\"26\">&nbsp;Derecho al cuidado\/Direito ao cuidado<\/option><option value=\"10\">&nbsp;Derechos afrodescendentes\/Direitos afrodescendente<\/option><option value=\"2\">&nbsp;Derechos de las mujeres\/Direitos das mulheres<\/option><option value=\"18\">&nbsp;Derechos migrantes\/Direitos migrantes<\/option><option value=\"11\">&nbsp;Derechos personas LGBTIQ+\/Direitos pessoas LGBTIQ+<\/option><option value=\"17\">&nbsp;Derechos pueblos ind\u00edgenas\/Direitos povos ind\u00edgena<\/option><option value=\"15\">&nbsp;Derechos socioambientales\/Direitos socioambientais<\/option><option value=\"9\">&nbsp;Derechos trabajadores(as)\/Direitos trabalhadores(a<\/option><option value=\"19\">&nbsp;Justicia ambiental\/Justi\u00e7a ambiental<\/option><option value=\"6\">&nbsp;Justicia econ\u00f3mica\/Justi\u00e7a econ\u00f4mica<\/option><option value=\"25\">&nbsp;MERCOSUR\/MERCOSUL<\/option><option value=\"16\">&nbsp;Ni\u00f1os, ni\u00f1as y adolescentes\/Crian\u00e7as e adolescente<\/option><option value=\"24\">&nbsp;Personas adultas mayores\/Pessoas idosas<\/option><option value=\"20\">&nbsp;Personas con discapacidad\/Pessoas com defici\u00eancia<\/option><option value=\"21\">&nbsp;Personas en situaci\u00f3n de calle\/Pessoas em situa\u00e7\u00e3o<\/option><option value=\"7\">&nbsp;Pol\u00edticas p\u00fablicas\/Pol\u00ecticas p\u00fablicas<\/option><\/select><\/div><\/div><\/div>","protected":false},"excerpt":{"rendered":"<p>Explorar<\/p>","protected":false},"author":2,"featured_media":0,"parent":0,"menu_order":0,"comment_status":"closed","ping_status":"closed","template":"","meta":{"_acf_changed":false,"footnotes":""},"class_list":["post-5418","page","type-page","status-publish","hentry"],"acf":[],"_links":{"self":[{"href":"https:\/\/dialogos.ippdh.mercosur.int\/pt\/wp-json\/wp\/v2\/pages\/5418","targetHints":{"allow":["GET"]}}],"collection":[{"href":"https:\/\/dialogos.ippdh.mercosur.int\/pt\/wp-json\/wp\/v2\/pages"}],"about":[{"href":"https:\/\/dialogos.ippdh.mercosur.int\/pt\/wp-json\/wp\/v2\/types\/page"}],"author":[{"embeddable":true,"href":"https:\/\/dialogos.ippdh.mercosur.int\/pt\/wp-json\/wp\/v2\/users\/2"}],"replies":[{"embeddable":true,"href":"https:\/\/dialogos.ippdh.mercosur.int\/pt\/wp-json\/wp\/v2\/comments?post=5418"}],"version-history":[{"count":0,"href":"https:\/\/dialogos.ippdh.mercosur.int\/pt\/wp-json\/wp\/v2\/pages\/5418\/revisions"}],"wp:attachment":[{"href":"https:\/\/dialogos.ippdh.mercosur.int\/pt\/wp-json\/wp\/v2\/media?parent=5418"}],"curies":[{"name":"wp","href":"https:\/\/api.w.org\/{rel}","templated":true}]}}